{"id":20168,"date":"2013-01-10T11:51:42","date_gmt":"2013-01-10T10:51:42","guid":{"rendered":"https:\/\/ruralsunproperties.es\/living-in-murcia\/"},"modified":"2013-01-10T11:51:42","modified_gmt":"2013-01-10T11:51:42","slug":"living-in-murcia","status":"publish","type":"page","link":"https:\/\/ruralsunproperties.es\/en\/general-info\/living-in-murcia\/","title":{"rendered":"Living in Murcia"},"content":{"rendered":"<h5>general<\/h5>\n<p>La Regi\u00f3n de Murcia es un territorio privilegiado, un ejemplo perfecto de calidad de vida en el Mediterr\u00e1neo. Sus temperaturas c\u00e1lidas y suaves, la temperatura media anual entre 20\u00ba y 22\u00ba, y las escasas lluvias en la zona, la convierten en un oasis de bienestar en cualquier temporada del a\u00f1o.<br \/>\nEstas condiciones clim\u00e1ticas dan a Murcia un color distinto, convirti\u00e9ndola en una regi\u00f3n llena de vida y color donde la primavera parece ser eterna. Aqu\u00ed, usted y los suyos podr\u00e1 disfrutar de m\u00e1s de 300 d\u00edas de sol al a\u00f1o. La existencia de gran parte de d\u00edas con cielos despejados y soleados dota a la Regi\u00f3n de Murcia de una espectacular y c\u00e1lida luz mediterr\u00e1nea muy caracter\u00edstica.<\/p>\n<h4>Regi\u00f3n de Murcia, un encuentro entre dos mares. Excelentes playas de arena suave, agua limpia y atardeceres espectaculares.<\/h4>\n<p>Conocida con el nombre de Costa C\u00e1lida, el litoral de la Regi\u00f3n de Murcia ofrece algo m\u00e1s de 250 kil\u00f3metros de costa, donde se alternan dos mares en una sola costa, el Mar Menor y el Mediterr\u00e1neo, con impresionantes acantilados, paradis\u00edacas y solitarias playas de interminable y blanca arena, animados puertos y calas salvajes de aguas de espejo.<br \/>\nMuchas de estas zonas pertenecen a la red de Espacios Naturales Protegidos de la Regi\u00f3n. Como accidente geogr\u00e1fico natural destaca La Manga, un cord\u00f3n litoral de 170 km\u00b2 que cierra la laguna del Mar Menor y lo separa del Mar Mediterr\u00e1neo, \u00fanicamente comunicados por canales o golas. El Mar Menor destaca por sus aguas c\u00e1lidas que siempre se han distinguido por los beneficios que aportan a la salud.<br \/>\nTambi\u00e9n puede encontrar espacios de inter\u00e9s ecol\u00f3gico como las Salinas de San Pedro del Pinatar o el espacio natural de Calblanque.<br \/>\nDos parques naturales, los pantanos, los r\u00edos, hacen de la Regi\u00f3n de Murcia un espacio limpio y de gran atractivo para el turismo.<br \/>\nEn las tierras del interior, la Regi\u00f3n de Murcia, tiene una gran riqueza patrimonial de parajes y reservas naturales. Lugares de ensue\u00f1o en los que pueden disfrutar tanto aquellas personas que buscan tranquilidad y aire puro, como aquellas otras que lo que buscan es completar una intensa oferta de turismo activo al abrigo de \u00e1reas recreativas. Quien busca disfrutar de la naturaleza encontrar\u00e1 la actividad que m\u00e1s se ajusta a sus gustos: rutas de senderismo, a caballo o monta\u00f1ismo.<br \/>\nQueremos recomendarle dos alternativas que no debe perderse. Se trata de los Parques Naturales de Sierra Espu\u00f1a y El Valle, y podr\u00e1n disfrutarlos por igual quien busca actividad y quien busca tranquilidad.<br \/>\nMurcia es en una de las regiones con m\u00e1s d\u00edas de sol al a\u00f1o, con una temperatura media de 21\u00ba y 250 kms de costa repartidos en dos mares: Mar Menor y Mar Mediterr\u00e1neo. Su entorno se caracteriza por ser una tierra de contrastes cuyos paisajes albergan parques naturales de alta monta\u00f1a, cuencas meridionales de paisajes esteparios y magn\u00edficas playas como las de La Manga, Mazarr\u00f3n o Calblanque.<br \/>\nEl litoral murciano se presenta rico y variado con franjas de aguas bravas y calas de pl\u00e1cidas y serenas playas. Dunas, salinas, humedales&#8230; la costa de la Regi\u00f3n de Murcia re\u00fane un buen n\u00famero de zonas de indudable inter\u00e9s medioambiental, siendo muchas de ellas Espacios Naturales Protegidos. Lugares donde todav\u00eda se pueden encontrar especies de flora y fauna aut\u00f3ctonas como la sabina mora, variedad de \u00e1rbol aut\u00f3ctono, o el fartet, un diminuto e ins\u00f3lito pez, \u00fanico en su g\u00e9nero.<br \/>\nLa diversidad de paisajes, un clima privilegiado y su riqueza cultural e hist\u00f3rica hacen de Murcia la regi\u00f3n perfecta para vivir y disfrutar del aire libre, practicar deportes n\u00e1uticos en el Mar Menor, explorar sus monta\u00f1as, hacer senderismo, turismo rural&#8230; y por supuesto, jugar al golf.<\/p>\n<h5>ubicaci\u00f3n<\/h5>\n<p>La Regi\u00f3n de Murcia se encuentra en pleno centro del arco mediterr\u00e1neo, entre la Comunidad Valenciana, Andaluc\u00eda y Castilla-La Mancha, extendiendo su territorio por un total de 11.317 km2, lo que le lleva a ocupar el noveno lugar entre las Comunidades Aut\u00f3nomas del territorio espa\u00f1ol.<br \/>\nSu capital, Murcia, se muestra abierta y din\u00e1mica, perfectamente comunicada con el resto de n\u00facleos del levante espa\u00f1ol y ofrece una muy interesante actividad comercial. Su clima y el car\u00e1cter amable de su gente la convierten en una ciudad acogedora, virtud que se refleja en sus siempre transitadas calles y plazas del casco antiguo, donde ciudadanos y visitantes charlan, pasean, saborean deliciosas tapas o recorren una de sus muchas rutas culturales.<br \/>\nSiglos de historia y numerosas civilizaciones han dotado a la Regi\u00f3n de Murcia de un rico patrimonio hist\u00f3rico y cultural, con edificios tan representativos como la Catedral o el Casino en la capital, el Teatro Romano en Cartagena y los castillos medievales de Lorca y Mula.<br \/>\nM\u00e1s de treinta museos, veintid\u00f3s castillos y restos de fortalezas repartidos por todo el territorio completan el atractivo de esta regi\u00f3n, cargada de historia y con un patrimonio art\u00edstico enormemente variado.<br \/>\nAdem\u00e1s, hoy d\u00eda la Regi\u00f3n de Murcia est\u00e1 experimentando un enorme crecimiento, con nuevas y modernas infraestructuras, a la vez que mantiene un cuidadoso respeto por el medio ambiente. Un desarrollo que le confiere una singularidad especial, fruto de la mezcla entre tradici\u00f3n y modernidad, y la sit\u00faa como una de las comunidades con mayor inter\u00e9s tur\u00edstico, con una gran oferta cultural, de ocio y servicios.<\/p>\n<h5>fiestas<\/h5>\n<p>Seis fiestas declaradas de Inter\u00e9s Tur\u00edstico Nacional y treinta y una de Inter\u00e9s Tur\u00edstico Regional dan una idea del largo calendario festivo de la Regi\u00f3n de Murcia, de gran inter\u00e9s para sus ciudadanos y visitantes.<br \/>\nTodo comienza el \u00faltimo domingo de enero con el Festival de Cuadrillas de Barranda. Febrero es el mes del Carnaval, con famosos desfiles de comparsas y concursos de disfraces en municipios como \u00c1guilas, Cartagena o Cabezo de Torres.<br \/>\nEn Semana Santa, destacan las procesiones de Cartagena, Lorca, Jumilla y Murcia. Tambi\u00e9n es la \u00e9poca de las Tamborradas que acompa\u00f1an las celebraciones de Mula y Moratalla y las Fiestas de Primavera de Murcia. En \u00e9stas, destaca el d\u00eda del Bando de la Huerta donde miles de murcianos, luciendo el traje t\u00edpico, acompa\u00f1an a la cabalgata que recorre la ciudad. En esa misma semana tambi\u00e9n se celebra el Entierro de la Sardina, que junto con el mencionado Bando, es la otra fiesta grande de Murcia. Una fiesta pagana, de la mitolog\u00eda y del fuego, y una noche m\u00e1gica de visita obligada a la ciudad donde un impresionante desfile de comparsas, charangas, grupos de animaci\u00f3n, dragones, gigantes, cabezudos, y carrozas acompa\u00f1an a una enorme sardina que es finalmente quemada en un fuego purificador bajo un cielo primaveral, encendido por el impresionante espect\u00e1culo de fuegos artificiales.<br \/>\nMayo es el mes de los desfiles de moros y cristianos en muchos pueblos de la regi\u00f3n, como Abanilla, Alhama, y del multitudinario espect\u00e1culo de las Fiestas de la Sant\u00edsima y Vera Cruz de Caravaca.<br \/>\nEn verano, abundan las procesiones marineras de la Virgen del Carmen en muchas localidades de la costa. Tambi\u00e9n es la \u00e9poca de los festivales culturales de San Javier, La Uni\u00f3n, Los Alc\u00e1zares, Lorca, y las Fiestas de la Vendimia en Jumilla.<br \/>\nYa en oto\u00f1o, Murcia se prepara para la Feria de Septiembre con los desfiles de Moros y Cristianos y el Festival de Folklore del Mediterr\u00e1neo. Paralelamente, legiones de romanos y cartagineses se enfrentan en las calles de Cartagena, rememorando una \u00e9poca hist\u00f3rica ya remota. Durante diez d\u00edas y en actos al aire libre, se ponen en escena momentos clave de la Historia de Espa\u00f1a. La refundaci\u00f3n de la ciudad con una puesta en escena cinematogr\u00e1fica, las bodas de An\u00edbal con la princesa Himilce entre danzas m\u00edsticas e invocaciones divinas, el poder de Roma representado en la llegada en barco de sus Legiones y el Circo, un espect\u00e1culo en vivo con carreras de cu\u00e1drigas, la partida de An\u00edbal con su grandioso ej\u00e9rcito hacia Italia y la gran batalla final escenificada al aire libre durante el crep\u00fasculo.<br \/>\nSeptiembre es adem\u00e1s el mes de Romer\u00edas, destacando la de la Virgen de la Fuensanta, patrona de Murcia o la de la Virgen de la Esperanza en Calasparra.<br \/>\nA finales de oto\u00f1o el protagonismo de las fiestas se traslada al norte de la regi\u00f3n, con las Fiestas de la Pur\u00edsima en Yecla, entre el retumbar de las cargas de los Arcabuces. Las Cuadrillas de \u00e1nimas y las campanas de Auroras anuncian el inicio de la Navidad con sus villancicos por los caminos de la huerta. En estas fechas, tambi\u00e9n son famosos en la Regi\u00f3n los concursos de belenes y los grandes desfiles en el d\u00eda de Reyes.<\/p>\n<h5>noroeste<\/h5>\n<p>Bajo ese nombre englobamos cuatro comarcas de la Regi\u00f3n de Murcia: la del Noroeste (Bullas, Caravaca de la Cruz, Calasparra, Ceheg\u00edn y Moratalla); R\u00edo Mula (Albudeite, Campos del R\u00edo, Mula y Pliego); las Pedan\u00edas Altas de Lorca y Sierra Espu\u00f1a (Aledo, Alhama de Murcia, Mula y Totana). Entre ellas existen interesantes elementos diferenciadores, pero todas nos ofrecen la posibilidad de combinar las necesidades de ocio y descanso con el disfrute de tradiciones, paisajes, deporte, cultura, fiestas y actividades rurales que nos transportan a un pasado de rabiosa actualidad.<br \/>\nExiste una completa oferta de alojamientos rurales, situados tanto en la huerta, campo o monta\u00f1a, como en cascos urbanos hist\u00f3ricos que guardan el sabor de la vivienda tradicional. Hay tambi\u00e9n hospeder\u00edas rurales con restaurante propio y, completando la oferta, varios hoteles de diferente clasificaci\u00f3n as\u00ed como campings.<br \/>\nEn esta zona noroccidental y del centro de la regi\u00f3n murciana, cada d\u00eda surgen m\u00e1s servicios y actividades de ocio y tiempo libre para que el visitante pase sus d\u00edas de diversi\u00f3n y descanso de la mejor manera posible. Existe una completa oferta: descenso en canoa por el Ca\u00f1\u00f3n de Almadenes (R\u00edo Segura); espeleolog\u00eda en la Cueva del Puerto; escalada en las Sierras del Molino; rutas de senderismo o en bicicleta para conocer la flora y fauna del Parque de Sierra Espu\u00f1a o de las zonas altas de Moratalla; paseos a caballo o incluso rutas de varias jornadas con diversas propuestas. Pero tambi\u00e9n hay empresas que organizan desde una &#8220;matanza&#8221; hasta ense\u00f1ar a amasar pan, hacer dulces caseros, destilar esencias o licores, cortar miel, fabricar queso, etc., con los mismos m\u00e9todos que anta\u00f1o.<\/p>\n","protected":false},"excerpt":{"rendered":"<p>general La Regi\u00f3n de Murcia es un territorio privilegiado, un ejemplo perfecto de calidad de vida en el Mediterr\u00e1neo. Sus temperaturas c\u00e1lidas y suaves, la temperatura media anual entre 20\u00ba y 22\u00ba, y las escasas lluvias en la zona, la convierten en un oasis de bienestar en cualquier temporada del a\u00f1o. Estas condiciones clim\u00e1ticas dan<a class=\"post-read-more\" href=\"https:\/\/ruralsunproperties.es\/en\/general-info\/living-in-murcia\/\">Read more<\/a><\/p>\n","protected":false},"author":1,"featured_media":0,"parent":20180,"menu_order":0,"comment_status":"open","ping_status":"closed","template":"template-box-right_sidebar.php","meta":{"footnotes":""},"class_list":["post-20168","page","type-page","status-publish","hentry"],"yoast_head":"<!-- This site is optimized with the Yoast SEO plugin v27.5 - https:\/\/yoast.com\/product\/yoast-seo-wordpress\/ -->\n<title>Living in Murcia - RuralSunProperties<\/title>\n<meta name=\"robots\" content=\"index, follow, max-snippet:-1, max-image-preview:large, max-video-preview:-1\" \/>\n<link rel=\"canonical\" href=\"https:\/\/ruralsunproperties.es\/informacion-general\/living-in-murcia\/\" \/>\n<meta property=\"og:locale\" content=\"en_US\" \/>\n<meta property=\"og:type\" content=\"article\" \/>\n<meta property=\"og:title\" content=\"Living in Murcia - RuralSunProperties\" \/>\n<meta property=\"og:description\" content=\"general La Regi\u00f3n de Murcia es un territorio privilegiado, un ejemplo perfecto de calidad de vida en el Mediterr\u00e1neo. Sus temperaturas c\u00e1lidas y suaves, la temperatura media anual entre 20\u00ba y 22\u00ba, y las escasas lluvias en la zona, la convierten en un oasis de bienestar en cualquier temporada del a\u00f1o. Estas condiciones clim\u00e1ticas danRead more\" \/>\n<meta property=\"og:url\" content=\"https:\/\/ruralsunproperties.es\/informacion-general\/living-in-murcia\/\" \/>\n<meta property=\"og:site_name\" content=\"RuralSunProperties\" \/>\n<meta property=\"article:modified_time\" content=\"2013-01-10T11:51:42+00:00\" \/>\n<meta name=\"twitter:card\" content=\"summary_large_image\" \/>\n<meta name=\"twitter:label1\" content=\"Est. reading time\" \/>\n\t<meta name=\"twitter:data1\" content=\"9 minutes\" \/>\n<script type=\"application\/ld+json\" class=\"yoast-schema-graph\">{\"@context\":\"https:\\\/\\\/schema.org\",\"@graph\":[{\"@type\":\"WebPage\",\"@id\":\"https:\\\/\\\/ruralsunproperties.es\\\/informacion-general\\\/living-in-murcia\\\/\",\"url\":\"https:\\\/\\\/ruralsunproperties.es\\\/informacion-general\\\/living-in-murcia\\\/\",\"name\":\"Living in Murcia - RuralSunProperties\",\"isPartOf\":{\"@id\":\"https:\\\/\\\/ruralsunproperties.es\\\/#website\"},\"datePublished\":\"2013-01-10T10:51:42+00:00\",\"dateModified\":\"2013-01-10T11:51:42+00:00\",\"breadcrumb\":{\"@id\":\"https:\\\/\\\/ruralsunproperties.es\\\/informacion-general\\\/living-in-murcia\\\/#breadcrumb\"},\"inLanguage\":\"en-US\",\"potentialAction\":[{\"@type\":\"ReadAction\",\"target\":[\"https:\\\/\\\/ruralsunproperties.es\\\/informacion-general\\\/living-in-murcia\\\/\"]}]},{\"@type\":\"BreadcrumbList\",\"@id\":\"https:\\\/\\\/ruralsunproperties.es\\\/informacion-general\\\/living-in-murcia\\\/#breadcrumb\",\"itemListElement\":[{\"@type\":\"ListItem\",\"position\":1,\"name\":\"Portada\",\"item\":\"https:\\\/\\\/ruralsunproperties.es\\\/en\\\/eshome-pageenhome-pagefrproperty-slider\\\/\"},{\"@type\":\"ListItem\",\"position\":2,\"name\":\"General Info\",\"item\":\"https:\\\/\\\/ruralsunproperties.es\\\/en\\\/general-info\\\/\"},{\"@type\":\"ListItem\",\"position\":3,\"name\":\"Living in Murcia\"}]},{\"@type\":\"WebSite\",\"@id\":\"https:\\\/\\\/ruralsunproperties.es\\\/#website\",\"url\":\"https:\\\/\\\/ruralsunproperties.es\\\/\",\"name\":\"RuralSol\",\"description\":\"Casas Rurales en el sur de Espa\u00f1a. Real estate agency specializing in the selection of properties with unique characteristics\",\"publisher\":{\"@id\":\"https:\\\/\\\/ruralsunproperties.es\\\/#organization\"},\"potentialAction\":[{\"@type\":\"SearchAction\",\"target\":{\"@type\":\"EntryPoint\",\"urlTemplate\":\"https:\\\/\\\/ruralsunproperties.es\\\/?s={search_term_string}\"},\"query-input\":{\"@type\":\"PropertyValueSpecification\",\"valueRequired\":true,\"valueName\":\"search_term_string\"}}],\"inLanguage\":\"en-US\"},{\"@type\":\"Organization\",\"@id\":\"https:\\\/\\\/ruralsunproperties.es\\\/#organization\",\"name\":\"RuralSunProperties\",\"url\":\"https:\\\/\\\/ruralsunproperties.es\\\/\",\"logo\":{\"@type\":\"ImageObject\",\"inLanguage\":\"en-US\",\"@id\":\"https:\\\/\\\/ruralsunproperties.es\\\/#\\\/schema\\\/logo\\\/image\\\/\",\"url\":\"https:\\\/\\\/ruralsunproperties.es\\\/wp-content\\\/uploads\\\/logo-ruralsunproperties_en.png\",\"contentUrl\":\"https:\\\/\\\/ruralsunproperties.es\\\/wp-content\\\/uploads\\\/logo-ruralsunproperties_en.png\",\"width\":295,\"height\":100,\"caption\":\"RuralSunProperties\"},\"image\":{\"@id\":\"https:\\\/\\\/ruralsunproperties.es\\\/#\\\/schema\\\/logo\\\/image\\\/\"}}]}<\/script>\n<!-- \/ Yoast SEO plugin. -->","yoast_head_json":{"title":"Living in Murcia - RuralSunProperties","robots":{"index":"index","follow":"follow","max-snippet":"max-snippet:-1","max-image-preview":"max-image-preview:large","max-video-preview":"max-video-preview:-1"},"canonical":"https:\/\/ruralsunproperties.es\/informacion-general\/living-in-murcia\/","og_locale":"en_US","og_type":"article","og_title":"Living in Murcia - RuralSunProperties","og_description":"general La Regi\u00f3n de Murcia es un territorio privilegiado, un ejemplo perfecto de calidad de vida en el Mediterr\u00e1neo. Sus temperaturas c\u00e1lidas y suaves, la temperatura media anual entre 20\u00ba y 22\u00ba, y las escasas lluvias en la zona, la convierten en un oasis de bienestar en cualquier temporada del a\u00f1o. Estas condiciones clim\u00e1ticas danRead more","og_url":"https:\/\/ruralsunproperties.es\/informacion-general\/living-in-murcia\/","og_site_name":"RuralSunProperties","article_modified_time":"2013-01-10T11:51:42+00:00","twitter_card":"summary_large_image","twitter_misc":{"Est. reading time":"9 minutes"},"schema":{"@context":"https:\/\/schema.org","@graph":[{"@type":"WebPage","@id":"https:\/\/ruralsunproperties.es\/informacion-general\/living-in-murcia\/","url":"https:\/\/ruralsunproperties.es\/informacion-general\/living-in-murcia\/","name":"Living in Murcia - RuralSunProperties","isPartOf":{"@id":"https:\/\/ruralsunproperties.es\/#website"},"datePublished":"2013-01-10T10:51:42+00:00","dateModified":"2013-01-10T11:51:42+00:00","breadcrumb":{"@id":"https:\/\/ruralsunproperties.es\/informacion-general\/living-in-murcia\/#breadcrumb"},"inLanguage":"en-US","potentialAction":[{"@type":"ReadAction","target":["https:\/\/ruralsunproperties.es\/informacion-general\/living-in-murcia\/"]}]},{"@type":"BreadcrumbList","@id":"https:\/\/ruralsunproperties.es\/informacion-general\/living-in-murcia\/#breadcrumb","itemListElement":[{"@type":"ListItem","position":1,"name":"Portada","item":"https:\/\/ruralsunproperties.es\/en\/eshome-pageenhome-pagefrproperty-slider\/"},{"@type":"ListItem","position":2,"name":"General Info","item":"https:\/\/ruralsunproperties.es\/en\/general-info\/"},{"@type":"ListItem","position":3,"name":"Living in Murcia"}]},{"@type":"WebSite","@id":"https:\/\/ruralsunproperties.es\/#website","url":"https:\/\/ruralsunproperties.es\/","name":"RuralSol","description":"Casas Rurales en el sur de Espa\u00f1a. Real estate agency specializing in the selection of properties with unique characteristics","publisher":{"@id":"https:\/\/ruralsunproperties.es\/#organization"},"potentialAction":[{"@type":"SearchAction","target":{"@type":"EntryPoint","urlTemplate":"https:\/\/ruralsunproperties.es\/?s={search_term_string}"},"query-input":{"@type":"PropertyValueSpecification","valueRequired":true,"valueName":"search_term_string"}}],"inLanguage":"en-US"},{"@type":"Organization","@id":"https:\/\/ruralsunproperties.es\/#organization","name":"RuralSunProperties","url":"https:\/\/ruralsunproperties.es\/","logo":{"@type":"ImageObject","inLanguage":"en-US","@id":"https:\/\/ruralsunproperties.es\/#\/schema\/logo\/image\/","url":"https:\/\/ruralsunproperties.es\/wp-content\/uploads\/logo-ruralsunproperties_en.png","contentUrl":"https:\/\/ruralsunproperties.es\/wp-content\/uploads\/logo-ruralsunproperties_en.png","width":295,"height":100,"caption":"RuralSunProperties"},"image":{"@id":"https:\/\/ruralsunproperties.es\/#\/schema\/logo\/image\/"}}]}},"_links":{"self":[{"href":"https:\/\/ruralsunproperties.es\/en\/wp-json\/wp\/v2\/pages\/20168","targetHints":{"allow":["GET"]}}],"collection":[{"href":"https:\/\/ruralsunproperties.es\/en\/wp-json\/wp\/v2\/pages"}],"about":[{"href":"https:\/\/ruralsunproperties.es\/en\/wp-json\/wp\/v2\/types\/page"}],"author":[{"embeddable":true,"href":"https:\/\/ruralsunproperties.es\/en\/wp-json\/wp\/v2\/users\/1"}],"replies":[{"embeddable":true,"href":"https:\/\/ruralsunproperties.es\/en\/wp-json\/wp\/v2\/comments?post=20168"}],"version-history":[{"count":0,"href":"https:\/\/ruralsunproperties.es\/en\/wp-json\/wp\/v2\/pages\/20168\/revisions"}],"up":[{"embeddable":true,"href":"https:\/\/ruralsunproperties.es\/en\/wp-json\/wp\/v2\/pages\/20180"}],"wp:attachment":[{"href":"https:\/\/ruralsunproperties.es\/en\/wp-json\/wp\/v2\/media?parent=20168"}],"curies":[{"name":"wp","href":"https:\/\/api.w.org\/{rel}","templated":true}]}}