{"id":20186,"date":"2013-01-15T12:35:51","date_gmt":"2013-01-15T11:35:51","guid":{"rendered":"https:\/\/ruralsunproperties.es\/murcia\/"},"modified":"2013-01-15T12:35:51","modified_gmt":"2013-01-15T12:35:51","slug":"murcia","status":"publish","type":"page","link":"https:\/\/ruralsunproperties.es\/en\/murcia\/","title":{"rendered":"Murcia"},"content":{"rendered":"<p><a href=\"https:\/\/ruralsunproperties.es\/wp-content\/uploads\/2013\/01\/murcia-bandera.png\" class=\"fancybox\" rel=\"gallery\"><img loading=\"lazy\" decoding=\"async\" src=\"https:\/\/ruralsunproperties.es\/wp-content\/uploads\/2013\/01\/murcia-bandera-300x200.png\" alt=\"Regi\u00f3n de Murcia\" width=\"300\" height=\"200\" class=\"aligncenter size-medium wp-image-439\" \/><\/a><br \/>\nLa Regi\u00f3n de Murcia es una comunidad aut\u00f3noma uniprovincial espa\u00f1ola, situada en el sudeste de la Pen\u00ednsula Ib\u00e9rica, entre Andaluc\u00eda (provincias de Granada y Almer\u00eda) y la Comunidad Valenciana (provincia de Alicante), y entre la costa mediterr\u00e1nea y Castilla-La Mancha (provincia de Albacete). Su capital es la ciudad de Murcia, que es sede de los \u00f3rganos institucionales regionales, con excepci\u00f3n de la Asamblea Regional, que tiene su sede en Cartagena.2<br \/>\n<figure id=\"attachment_512\" aria-describedby=\"caption-attachment-512\" style=\"width: 295px\" class=\"wp-caption alignleft\"><a href=\"https:\/\/ruralsunproperties.es\/wp-content\/uploads\/2013\/01\/mapa-murcia1.png\" class=\"fancybox\" rel=\"gallery\"><img loading=\"lazy\" decoding=\"async\" src=\"https:\/\/ruralsunproperties.es\/wp-content\/uploads\/2013\/01\/mapa-murcia1-300x226.png\" alt=\"Sureste\" width=\"295\" height=\"223\" class=\"size-medium wp-image-512\" \/><\/a><figcaption id=\"caption-attachment-512\" class=\"wp-caption-text\">Sureste<\/figcaption><\/figure><figure id=\"attachment_507\" aria-describedby=\"caption-attachment-507\" style=\"width: 295px\" class=\"wp-caption alignright\"><a href=\"https:\/\/ruralsunproperties.es\/wp-content\/uploads\/2013\/01\/catedralMurcia.jpg\" class=\"fancybox\" rel=\"gallery\"><img loading=\"lazy\" decoding=\"async\" src=\"https:\/\/ruralsunproperties.es\/wp-content\/uploads\/2013\/01\/catedralMurcia-300x225.jpg\" alt=\"Catedral Murcia\" width=\"295\" height=\"223\" class=\"size-medium wp-image-507\" \/><\/a><figcaption id=\"caption-attachment-507\" class=\"wp-caption-text\">Catedral Murcia<\/figcaption><\/figure><\/p>\n<p style=\"clear:both\">\n<p>La poblaci\u00f3n total de la Regi\u00f3n de Murcia es de 1.470.069 hab,3 de los que algo menos de un tercio vive en la capital y la mitad vive en los municipios de Murcia, Cartagena y Lorca. La regi\u00f3n es una de las mayores productoras de frutas, verduras y flores de Europa, contando con vi\u00f1edos importantes en los municipios de Jumilla, Bullas y Yecla, que producen vinos con Denominaci\u00f3n de Origen. Cuenta as\u00ed mismo con un importante sector tur\u00edstico, concentrado en una costa con numerosos espacios v\u00edrgenes (muchos de ellos amenazados) y que posee la laguna salada del Mar Menor. Su industria destaca por el sector petro-qu\u00edmico y energ\u00e9tico (centrado en Cartagena) y la industria alimentaria. El pico m\u00e1s alto de la regi\u00f3n est\u00e1 en el Macizo de Revolcadores, con 2.015 msnm.<br \/>\n<figure id=\"attachment_506\" aria-describedby=\"caption-attachment-506\" style=\"width: 315px\" class=\"wp-caption alignleft\"><a href=\"https:\/\/ruralsunproperties.es\/wp-content\/uploads\/2013\/01\/Castillo_de_Lorca1.jpg\" class=\"fancybox\" rel=\"gallery\"><img loading=\"lazy\" decoding=\"async\" src=\"https:\/\/ruralsunproperties.es\/wp-content\/uploads\/2013\/01\/Castillo_de_Lorca1-300x199.jpg\" alt=\"Castillo de Lorca \" width=\"315\" height=\"210\" class=\"size-medium wp-image-506\" \/> <\/a><figcaption id=\"caption-attachment-506\" class=\"wp-caption-text\">Castillo de Lorca<\/figcaption><\/figure><figure id=\"attachment_518\" aria-describedby=\"caption-attachment-518\" style=\"width: 280px\" class=\"wp-caption alignright\"><a href=\"https:\/\/ruralsunproperties.es\/wp-content\/uploads\/2013\/01\/Teatro_romano_cartagena.jpg\" class=\"fancybox\" rel=\"gallery\"><img loading=\"lazy\" decoding=\"async\" src=\"https:\/\/ruralsunproperties.es\/wp-content\/uploads\/2013\/01\/Teatro_romano_cartagena-300x225.jpg\" alt=\"Teatro Romano Cartagena\" width=\"280\" height=\"210\" class=\"size-medium wp-image-518\" \/><\/a><figcaption id=\"caption-attachment-518\" class=\"wp-caption-text\">Teatro Romano Cartagena<\/figcaption><\/figure><\/p>\n<p style=\"clear:both\">\n<p>De su amplio patrimonio cabe destacar los 72 conjuntos rupestres pertenecientes al Arte rupestre del arco mediterr\u00e1neo de la Pen\u00ednsula Ib\u00e9rica declarados Patrimonio de la Humanidad,4 al igual que el Consejo de Hombres Buenos de la Huerta de Murcia, declarado Patrimonio Cultural Inmaterial de la Humanidad como ejemplo de tribunal consuetudinario de regantes del Mediterr\u00e1neo espa\u00f1ol.5<br \/>\n<figure id=\"attachment_514\" aria-describedby=\"caption-attachment-514\" style=\"width: 156px\" class=\"wp-caption alignleft\"><a href=\"https:\/\/ruralsunproperties.es\/wp-content\/uploads\/2013\/01\/Moratalla-buitre.jpg\" class=\"fancybox\" rel=\"gallery\"><img loading=\"lazy\" decoding=\"async\" src=\"https:\/\/ruralsunproperties.es\/wp-content\/uploads\/2013\/01\/Moratalla-buitre-176x300.jpg\" alt=\"Moratalla Pico del Buitre\" width=\"156\" height=\"270\" class=\"size-medium wp-image-514\" \/><\/a><figcaption id=\"caption-attachment-514\" class=\"wp-caption-text\">Moratalla Pico del Buitre<\/figcaption><\/figure><figure id=\"attachment_509\" aria-describedby=\"caption-attachment-509\" style=\"width: 215px\" class=\"wp-caption alignleft\"><a href=\"https:\/\/ruralsunproperties.es\/wp-content\/uploads\/2013\/01\/Cehegin_111.jpg\" class=\"fancybox\" rel=\"gallery\"><img loading=\"lazy\" decoding=\"async\" src=\"https:\/\/ruralsunproperties.es\/wp-content\/uploads\/2013\/01\/Cehegin_111-240x300.jpg\" alt=\"Ceheg\u00edn\" width=\"215\" height=\"270\" class=\"size-medium wp-image-509\" \/> <\/a><figcaption id=\"caption-attachment-509\" class=\"wp-caption-text\">Ceheg\u00edn<\/figcaption><\/figure><figure id=\"attachment_513\" aria-describedby=\"caption-attachment-513\" style=\"width: 200px\" class=\"wp-caption alignleft\"><a href=\"https:\/\/ruralsunproperties.es\/wp-content\/uploads\/2013\/01\/Moratalla-Alharabe.jpg\" class=\"fancybox\" rel=\"gallery\"><img loading=\"lazy\" decoding=\"async\" src=\"https:\/\/ruralsunproperties.es\/wp-content\/uploads\/2013\/01\/Moratalla-Alharabe-225x300.jpg\" alt=\"Moratalla - Alharabe\" width=\"200\" height=\"270\" class=\"size-medium wp-image-513\" \/><\/a><figcaption id=\"caption-attachment-513\" class=\"wp-caption-text\">Moratalla &#8211; Alharabe<\/figcaption><\/figure><\/p>\n<p style=\"clear:both\">\n<p>Murcia es una regi\u00f3n hist\u00f3rica del sureste de Espa\u00f1a, heredera del antiguo Reino de Murcia, que tradicionalmente ha comprendido como regi\u00f3n biprovincial las provincias de Albacete y Murcia.6 Durante la Transici\u00f3n, Albacete pas\u00f3 a la nueva Castilla-La Mancha, form\u00e1ndose la autonom\u00eda.<br \/>\nM\u00e1s informaci\u00f3n  <a target=\"_blank\" href=\"http:\/\/www.murciaturistica.es\" rel=\"noopener noreferrer\">http:\/\/www.murciaturistica.es<\/a><br \/>\n<div id='gallery-1' class='gallery galleryid-20186 gallery-columns-3 gallery-size-thumbnail'><figure class='gallery-item'>\n\t\t\t<div class='gallery-icon landscape'>\n\t\t\t\t<a href='https:\/\/ruralsunproperties.es\/wp-content\/uploads\/2017\/07\/slide1.jpg'><img loading=\"lazy\" decoding=\"async\" width=\"150\" height=\"150\" src=\"https:\/\/ruralsunproperties.es\/wp-content\/uploads\/2017\/07\/slide1-150x150.jpg\" class=\"attachment-thumbnail size-thumbnail\" alt=\"\" \/><\/a>\n\t\t\t<\/div><\/figure>\n\t\t<\/div>\n<\/p>\n","protected":false},"excerpt":{"rendered":"<p>La Regi\u00f3n de Murcia es una comunidad aut\u00f3noma uniprovincial espa\u00f1ola, situada en el sudeste de la Pen\u00ednsula Ib\u00e9rica, entre Andaluc\u00eda (provincias de Granada y Almer\u00eda) y la Comunidad Valenciana (provincia de Alicante), y entre la costa mediterr\u00e1nea y Castilla-La Mancha (provincia de Albacete). Su capital es la ciudad de Murcia, que es sede de los<a class=\"post-read-more\" href=\"https:\/\/ruralsunproperties.es\/en\/murcia\/\">Read more<\/a><\/p>\n","protected":false},"author":1,"featured_media":0,"parent":0,"menu_order":0,"comment_status":"open","ping_status":"open","template":"","meta":{"footnotes":""},"class_list":["post-20186","page","type-page","status-publish","hentry"],"yoast_head":"<!-- This site is optimized with the Yoast SEO plugin v27.3 - https:\/\/yoast.com\/product\/yoast-seo-wordpress\/ -->\n<title>Murcia - RuralSunProperties<\/title>\n<meta name=\"robots\" content=\"index, follow, max-snippet:-1, max-image-preview:large, max-video-preview:-1\" \/>\n<link rel=\"canonical\" href=\"https:\/\/ruralsunproperties.es\/en\/murcia\/\" \/>\n<meta property=\"og:locale\" content=\"en_US\" \/>\n<meta property=\"og:type\" content=\"article\" \/>\n<meta property=\"og:title\" content=\"Murcia - RuralSunProperties\" \/>\n<meta property=\"og:description\" content=\"La Regi\u00f3n de Murcia es una comunidad aut\u00f3noma uniprovincial espa\u00f1ola, situada en el sudeste de la Pen\u00ednsula Ib\u00e9rica, entre Andaluc\u00eda (provincias de Granada y Almer\u00eda) y la Comunidad Valenciana (provincia de Alicante), y entre la costa mediterr\u00e1nea y Castilla-La Mancha (provincia de Albacete). Su capital es la ciudad de Murcia, que es sede de losRead more\" \/>\n<meta property=\"og:url\" content=\"https:\/\/ruralsunproperties.es\/en\/murcia\/\" \/>\n<meta property=\"og:site_name\" content=\"RuralSunProperties\" \/>\n<meta property=\"article:modified_time\" content=\"2013-01-15T12:35:51+00:00\" \/>\n<meta property=\"og:image\" content=\"https:\/\/ruralsunproperties.es\/wp-content\/uploads\/2017\/07\/slide1-150x150.jpg\" \/>\n<meta name=\"twitter:card\" content=\"summary_large_image\" \/>\n<meta name=\"twitter:label1\" content=\"Est. reading time\" \/>\n\t<meta name=\"twitter:data1\" content=\"2 minutes\" \/>\n<script type=\"application\/ld+json\" class=\"yoast-schema-graph\">{\"@context\":\"https:\\\/\\\/schema.org\",\"@graph\":[{\"@type\":\"WebPage\",\"@id\":\"https:\\\/\\\/ruralsunproperties.es\\\/en\\\/murcia\\\/\",\"url\":\"https:\\\/\\\/ruralsunproperties.es\\\/en\\\/murcia\\\/\",\"name\":\"Murcia - RuralSunProperties\",\"isPartOf\":{\"@id\":\"https:\\\/\\\/ruralsunproperties.es\\\/#website\"},\"primaryImageOfPage\":{\"@id\":\"https:\\\/\\\/ruralsunproperties.es\\\/en\\\/murcia\\\/#primaryimage\"},\"image\":{\"@id\":\"https:\\\/\\\/ruralsunproperties.es\\\/en\\\/murcia\\\/#primaryimage\"},\"thumbnailUrl\":\"https:\\\/\\\/ruralsunproperties.es\\\/wp-content\\\/uploads\\\/2013\\\/01\\\/murcia-bandera-300x200.png\",\"datePublished\":\"2013-01-15T11:35:51+00:00\",\"dateModified\":\"2013-01-15T12:35:51+00:00\",\"breadcrumb\":{\"@id\":\"https:\\\/\\\/ruralsunproperties.es\\\/en\\\/murcia\\\/#breadcrumb\"},\"inLanguage\":\"en-US\",\"potentialAction\":[{\"@type\":\"ReadAction\",\"target\":[\"https:\\\/\\\/ruralsunproperties.es\\\/en\\\/murcia\\\/\"]}]},{\"@type\":\"ImageObject\",\"inLanguage\":\"en-US\",\"@id\":\"https:\\\/\\\/ruralsunproperties.es\\\/en\\\/murcia\\\/#primaryimage\",\"url\":\"https:\\\/\\\/ruralsunproperties.es\\\/wp-content\\\/uploads\\\/2013\\\/01\\\/murcia-bandera-300x200.png\",\"contentUrl\":\"https:\\\/\\\/ruralsunproperties.es\\\/wp-content\\\/uploads\\\/2013\\\/01\\\/murcia-bandera-300x200.png\"},{\"@type\":\"BreadcrumbList\",\"@id\":\"https:\\\/\\\/ruralsunproperties.es\\\/en\\\/murcia\\\/#breadcrumb\",\"itemListElement\":[{\"@type\":\"ListItem\",\"position\":1,\"name\":\"Portada\",\"item\":\"https:\\\/\\\/ruralsunproperties.es\\\/en\\\/eshome-pageenhome-pagefrproperty-slider\\\/\"},{\"@type\":\"ListItem\",\"position\":2,\"name\":\"Murcia\"}]},{\"@type\":\"WebSite\",\"@id\":\"https:\\\/\\\/ruralsunproperties.es\\\/#website\",\"url\":\"https:\\\/\\\/ruralsunproperties.es\\\/\",\"name\":\"RuralSol\",\"description\":\"Casas Rurales en el sur de Espa\u00f1a. Real estate agency specializing in the selection of properties with unique characteristics\",\"publisher\":{\"@id\":\"https:\\\/\\\/ruralsunproperties.es\\\/#organization\"},\"potentialAction\":[{\"@type\":\"SearchAction\",\"target\":{\"@type\":\"EntryPoint\",\"urlTemplate\":\"https:\\\/\\\/ruralsunproperties.es\\\/?s={search_term_string}\"},\"query-input\":{\"@type\":\"PropertyValueSpecification\",\"valueRequired\":true,\"valueName\":\"search_term_string\"}}],\"inLanguage\":\"en-US\"},{\"@type\":\"Organization\",\"@id\":\"https:\\\/\\\/ruralsunproperties.es\\\/#organization\",\"name\":\"RuralSunProperties\",\"url\":\"https:\\\/\\\/ruralsunproperties.es\\\/\",\"logo\":{\"@type\":\"ImageObject\",\"inLanguage\":\"en-US\",\"@id\":\"https:\\\/\\\/ruralsunproperties.es\\\/#\\\/schema\\\/logo\\\/image\\\/\",\"url\":\"https:\\\/\\\/ruralsunproperties.es\\\/wp-content\\\/uploads\\\/logo-ruralsunproperties_en.png\",\"contentUrl\":\"https:\\\/\\\/ruralsunproperties.es\\\/wp-content\\\/uploads\\\/logo-ruralsunproperties_en.png\",\"width\":295,\"height\":100,\"caption\":\"RuralSunProperties\"},\"image\":{\"@id\":\"https:\\\/\\\/ruralsunproperties.es\\\/#\\\/schema\\\/logo\\\/image\\\/\"}}]}<\/script>\n<!-- \/ Yoast SEO plugin. -->","yoast_head_json":{"title":"Murcia - RuralSunProperties","robots":{"index":"index","follow":"follow","max-snippet":"max-snippet:-1","max-image-preview":"max-image-preview:large","max-video-preview":"max-video-preview:-1"},"canonical":"https:\/\/ruralsunproperties.es\/en\/murcia\/","og_locale":"en_US","og_type":"article","og_title":"Murcia - RuralSunProperties","og_description":"La Regi\u00f3n de Murcia es una comunidad aut\u00f3noma uniprovincial espa\u00f1ola, situada en el sudeste de la Pen\u00ednsula Ib\u00e9rica, entre Andaluc\u00eda (provincias de Granada y Almer\u00eda) y la Comunidad Valenciana (provincia de Alicante), y entre la costa mediterr\u00e1nea y Castilla-La Mancha (provincia de Albacete). Su capital es la ciudad de Murcia, que es sede de losRead more","og_url":"https:\/\/ruralsunproperties.es\/en\/murcia\/","og_site_name":"RuralSunProperties","article_modified_time":"2013-01-15T12:35:51+00:00","og_image":[{"url":"https:\/\/ruralsunproperties.es\/wp-content\/uploads\/2017\/07\/slide1-150x150.jpg","type":"","width":"","height":""}],"twitter_card":"summary_large_image","twitter_misc":{"Est. reading time":"2 minutes"},"schema":{"@context":"https:\/\/schema.org","@graph":[{"@type":"WebPage","@id":"https:\/\/ruralsunproperties.es\/en\/murcia\/","url":"https:\/\/ruralsunproperties.es\/en\/murcia\/","name":"Murcia - RuralSunProperties","isPartOf":{"@id":"https:\/\/ruralsunproperties.es\/#website"},"primaryImageOfPage":{"@id":"https:\/\/ruralsunproperties.es\/en\/murcia\/#primaryimage"},"image":{"@id":"https:\/\/ruralsunproperties.es\/en\/murcia\/#primaryimage"},"thumbnailUrl":"https:\/\/ruralsunproperties.es\/wp-content\/uploads\/2013\/01\/murcia-bandera-300x200.png","datePublished":"2013-01-15T11:35:51+00:00","dateModified":"2013-01-15T12:35:51+00:00","breadcrumb":{"@id":"https:\/\/ruralsunproperties.es\/en\/murcia\/#breadcrumb"},"inLanguage":"en-US","potentialAction":[{"@type":"ReadAction","target":["https:\/\/ruralsunproperties.es\/en\/murcia\/"]}]},{"@type":"ImageObject","inLanguage":"en-US","@id":"https:\/\/ruralsunproperties.es\/en\/murcia\/#primaryimage","url":"https:\/\/ruralsunproperties.es\/wp-content\/uploads\/2013\/01\/murcia-bandera-300x200.png","contentUrl":"https:\/\/ruralsunproperties.es\/wp-content\/uploads\/2013\/01\/murcia-bandera-300x200.png"},{"@type":"BreadcrumbList","@id":"https:\/\/ruralsunproperties.es\/en\/murcia\/#breadcrumb","itemListElement":[{"@type":"ListItem","position":1,"name":"Portada","item":"https:\/\/ruralsunproperties.es\/en\/eshome-pageenhome-pagefrproperty-slider\/"},{"@type":"ListItem","position":2,"name":"Murcia"}]},{"@type":"WebSite","@id":"https:\/\/ruralsunproperties.es\/#website","url":"https:\/\/ruralsunproperties.es\/","name":"RuralSol","description":"Casas Rurales en el sur de Espa\u00f1a. Real estate agency specializing in the selection of properties with unique characteristics","publisher":{"@id":"https:\/\/ruralsunproperties.es\/#organization"},"potentialAction":[{"@type":"SearchAction","target":{"@type":"EntryPoint","urlTemplate":"https:\/\/ruralsunproperties.es\/?s={search_term_string}"},"query-input":{"@type":"PropertyValueSpecification","valueRequired":true,"valueName":"search_term_string"}}],"inLanguage":"en-US"},{"@type":"Organization","@id":"https:\/\/ruralsunproperties.es\/#organization","name":"RuralSunProperties","url":"https:\/\/ruralsunproperties.es\/","logo":{"@type":"ImageObject","inLanguage":"en-US","@id":"https:\/\/ruralsunproperties.es\/#\/schema\/logo\/image\/","url":"https:\/\/ruralsunproperties.es\/wp-content\/uploads\/logo-ruralsunproperties_en.png","contentUrl":"https:\/\/ruralsunproperties.es\/wp-content\/uploads\/logo-ruralsunproperties_en.png","width":295,"height":100,"caption":"RuralSunProperties"},"image":{"@id":"https:\/\/ruralsunproperties.es\/#\/schema\/logo\/image\/"}}]}},"_links":{"self":[{"href":"https:\/\/ruralsunproperties.es\/en\/wp-json\/wp\/v2\/pages\/20186","targetHints":{"allow":["GET"]}}],"collection":[{"href":"https:\/\/ruralsunproperties.es\/en\/wp-json\/wp\/v2\/pages"}],"about":[{"href":"https:\/\/ruralsunproperties.es\/en\/wp-json\/wp\/v2\/types\/page"}],"author":[{"embeddable":true,"href":"https:\/\/ruralsunproperties.es\/en\/wp-json\/wp\/v2\/users\/1"}],"replies":[{"embeddable":true,"href":"https:\/\/ruralsunproperties.es\/en\/wp-json\/wp\/v2\/comments?post=20186"}],"version-history":[{"count":0,"href":"https:\/\/ruralsunproperties.es\/en\/wp-json\/wp\/v2\/pages\/20186\/revisions"}],"wp:attachment":[{"href":"https:\/\/ruralsunproperties.es\/en\/wp-json\/wp\/v2\/media?parent=20186"}],"curies":[{"name":"wp","href":"https:\/\/api.w.org\/{rel}","templated":true}]}}