{"id":20188,"date":"2013-01-15T12:38:11","date_gmt":"2013-01-15T11:38:11","guid":{"rendered":"https:\/\/ruralsunproperties.es\/costa-calida\/"},"modified":"2013-01-15T12:38:11","modified_gmt":"2013-01-15T12:38:11","slug":"costa-calida","status":"publish","type":"page","link":"https:\/\/ruralsunproperties.es\/en\/costa-calida\/","title":{"rendered":"Costa C\u00e1lida"},"content":{"rendered":"<p><a href=\"https:\/\/ruralsunproperties.es\/wp-content\/uploads\/2013\/01\/murcia-bandera.png\" class=\"fancybox\" rel=\"gallery\"><img loading=\"lazy\" decoding=\"async\" src=\"https:\/\/ruralsunproperties.es\/wp-content\/uploads\/2013\/01\/murcia-bandera-300x200.png\" alt=\"Regi\u00f3n de Murcia\" width=\"300\" height=\"200\" class=\"aligncenter size-medium wp-image-439\" \/><\/a><br \/>\nCosta C\u00e1lida es el nombre tur\u00edstico de los aproximadamente 250 km de costa mediterr\u00e1nea de la Regi\u00f3n de Murcia, Espa\u00f1a.<br \/>\nEsta regi\u00f3n tiene un microclima que se caracteriza por una temperatura media anual elevada y un grado relativo de aridez, con precipitaciones medias inferiores a 340 mm.<br \/>\n<br \/>\n<a href=\"https:\/\/ruralsunproperties.es\/wp-content\/uploads\/2013\/01\/cala-bano-de-las-mujeres.jpg\" class=\"fancybox\" rel=\"gallery\"><figure id=\"attachment_447\" aria-describedby=\"caption-attachment-447\" style=\"width: 295px\" class=\"wp-caption alignleft\"><img loading=\"lazy\" decoding=\"async\" src=\"https:\/\/ruralsunproperties.es\/wp-content\/uploads\/2013\/01\/cala-bano-de-las-mujeres.jpg\" alt=\"Cala Ba\u00f1o de las mujeres\" width=\"295\" height=\"220\" class=\"size-full wp-image-668\" \/><\/a><figcaption id=\"caption-attachment-447\" class=\"wp-caption-text\">Cala Ba\u00f1o de las mujeres<\/figcaption><\/figure><figure id=\"attachment_446\" aria-describedby=\"caption-attachment-446\" style=\"width: 300px\" class=\"wp-caption alignright\"><a href=\"https:\/\/ruralsunproperties.es\/wp-content\/uploads\/2013\/01\/Bolnuevo-sierra-moreras.jpg\" class=\"fancybox\" rel=\"gallery\"><img loading=\"lazy\" decoding=\"async\" src=\"https:\/\/ruralsunproperties.es\/wp-content\/uploads\/2013\/01\/Bolnuevo-sierra-moreras-300x223.jpg\" alt=\"Bolnuevo Sierra Moreras\" width=\"300\" height=\"222\" class=\"size-medium wp-image-446\" \/><\/a><figcaption id=\"caption-attachment-446\" class=\"wp-caption-text\">Bolnuevo Sierra Moreras<\/figcaption><\/figure><\/p>\n<p style=\"clear:both\">\n<p><a href=\"https:\/\/ruralsunproperties.es\/wp-content\/uploads\/2013\/01\/costa_calida_region_map.jpg\" class=\"fancybox\" rel=\"gallery\"><figure id=\"attachment_448\" aria-describedby=\"caption-attachment-448\" style=\"width: 300px\" class=\"wp-caption alignright\"><img loading=\"lazy\" decoding=\"async\" src=\"https:\/\/ruralsunproperties.es\/wp-content\/uploads\/2013\/01\/costa_calida_region_map-300x217.jpg\" alt=\"Costa C\u00e1lida\" width=\"300\" height=\"217\" class=\"size-medium wp-image-448\" \/><\/a><figcaption id=\"caption-attachment-448\" class=\"wp-caption-text\">Costa Blanca \/ Costa C\u00e1lida<\/figcaption><\/figure>La Costa C\u00e1lida se extiende desde El Moj\u00f3n por el norte, cerca de la provincia de Alicante, hasta las Cuatro Calas<br \/>\nen \u00c1guilas por el sur lindando con Almer\u00eda. Abarca localidades costeras como:<\/p>\n<ul>\n<li> <strong>Municipio de San Pedro del Pinatar:<\/strong> Las Salinas, Los Cuarteros y Lo Pag\u00e1n.<\/li>\n<li> <strong>Municipio de San Javier:<\/strong> Santiago de la Ribera, La Manga del Mar Menor (parte norte).<\/li>\n<li> <strong>Municipio de Los Alc\u00e1zares:<\/strong> Los Narejos y el casco urbano.<\/li>\n<li> <strong>Municipio de Cartagena:<\/strong> Punta Brava, Los Urrutias, Los Nietos, Islas Menores, Mar de Cristal, Playa Honda,<br \/>\n\t\t\t La Manga del Mar Menor (parte sur), Cabo de Palos, Cala Cortina,<br \/>\n Puerto y casco urbano de Cartagena, El Port\u00fas, Isla Plana (Murcia) y La Azoh\u00eda.<\/li>\n<li> <strong>Municipio de La Uni\u00f3n:<\/strong> Portm\u00e1n<\/li>\n<li><strong>Municipio de Mazarr\u00f3n<\/strong>: Puerto de Mazarr\u00f3n y Bolnuevo.<\/li>\n<li> <strong>Municipio de Lorca:<\/strong> Playa de Calnegre, playa Puntas de Calnegre, Playa Ba\u00f1o de las Mujeres, Ramonete y Garrobillo.<\/li>\n<li> <strong>Municipio de \u00c1guilas:<\/strong> Cope, Calabardina y el casco urbano<\/li>\n<\/ul>\n<p> M\u00e1s informaci\u00f3n  <a target=\"_blank\" href=\"http:\/\/www.murciaturistica.es\" rel=\"noopener noreferrer\">http:\/\/www.murciaturistica.es <\/a><br \/>\n<\/p>\n","protected":false},"excerpt":{"rendered":"<p>Costa C\u00e1lida es el nombre tur\u00edstico de los aproximadamente 250 km de costa mediterr\u00e1nea de la Regi\u00f3n de Murcia, Espa\u00f1a. Esta regi\u00f3n tiene un microclima que se caracteriza por una temperatura media anual elevada y un grado relativo de aridez, con precipitaciones medias inferiores a 340 mm. La Costa C\u00e1lida se extiende desde El Moj\u00f3n<a class=\"post-read-more\" href=\"https:\/\/ruralsunproperties.es\/en\/costa-calida\/\">Read more<\/a><\/p>\n","protected":false},"author":1,"featured_media":0,"parent":0,"menu_order":0,"comment_status":"open","ping_status":"closed","template":"","meta":{"footnotes":""},"class_list":["post-20188","page","type-page","status-publish","hentry"],"yoast_head":"<!-- This site is optimized with the Yoast SEO plugin v27.3 - https:\/\/yoast.com\/product\/yoast-seo-wordpress\/ -->\n<title>Costa C\u00e1lida - RuralSunProperties<\/title>\n<meta name=\"robots\" content=\"index, follow, max-snippet:-1, max-image-preview:large, max-video-preview:-1\" \/>\n<link rel=\"canonical\" href=\"https:\/\/ruralsunproperties.es\/en\/costa-calida\/\" \/>\n<meta property=\"og:locale\" content=\"en_US\" \/>\n<meta property=\"og:type\" content=\"article\" \/>\n<meta property=\"og:title\" content=\"Costa C\u00e1lida - RuralSunProperties\" \/>\n<meta property=\"og:description\" content=\"Costa C\u00e1lida es el nombre tur\u00edstico de los aproximadamente 250 km de costa mediterr\u00e1nea de la Regi\u00f3n de Murcia, Espa\u00f1a. Esta regi\u00f3n tiene un microclima que se caracteriza por una temperatura media anual elevada y un grado relativo de aridez, con precipitaciones medias inferiores a 340 mm. La Costa C\u00e1lida se extiende desde El Moj\u00f3nRead more\" \/>\n<meta property=\"og:url\" content=\"https:\/\/ruralsunproperties.es\/en\/costa-calida\/\" \/>\n<meta property=\"og:site_name\" content=\"RuralSunProperties\" \/>\n<meta property=\"article:modified_time\" content=\"2013-01-15T12:38:11+00:00\" \/>\n<meta name=\"twitter:card\" content=\"summary_large_image\" \/>\n<meta name=\"twitter:label1\" content=\"Est. reading time\" \/>\n\t<meta name=\"twitter:data1\" content=\"1 minute\" \/>\n<script type=\"application\/ld+json\" class=\"yoast-schema-graph\">{\"@context\":\"https:\\\/\\\/schema.org\",\"@graph\":[{\"@type\":\"WebPage\",\"@id\":\"https:\\\/\\\/ruralsunproperties.es\\\/en\\\/costa-calida\\\/\",\"url\":\"https:\\\/\\\/ruralsunproperties.es\\\/en\\\/costa-calida\\\/\",\"name\":\"Costa C\u00e1lida - RuralSunProperties\",\"isPartOf\":{\"@id\":\"https:\\\/\\\/ruralsunproperties.es\\\/#website\"},\"primaryImageOfPage\":{\"@id\":\"https:\\\/\\\/ruralsunproperties.es\\\/en\\\/costa-calida\\\/#primaryimage\"},\"image\":{\"@id\":\"https:\\\/\\\/ruralsunproperties.es\\\/en\\\/costa-calida\\\/#primaryimage\"},\"thumbnailUrl\":\"https:\\\/\\\/ruralsunproperties.es\\\/wp-content\\\/uploads\\\/2013\\\/01\\\/murcia-bandera-300x200.png\",\"datePublished\":\"2013-01-15T11:38:11+00:00\",\"dateModified\":\"2013-01-15T12:38:11+00:00\",\"breadcrumb\":{\"@id\":\"https:\\\/\\\/ruralsunproperties.es\\\/en\\\/costa-calida\\\/#breadcrumb\"},\"inLanguage\":\"en-US\",\"potentialAction\":[{\"@type\":\"ReadAction\",\"target\":[\"https:\\\/\\\/ruralsunproperties.es\\\/en\\\/costa-calida\\\/\"]}]},{\"@type\":\"ImageObject\",\"inLanguage\":\"en-US\",\"@id\":\"https:\\\/\\\/ruralsunproperties.es\\\/en\\\/costa-calida\\\/#primaryimage\",\"url\":\"https:\\\/\\\/ruralsunproperties.es\\\/wp-content\\\/uploads\\\/2013\\\/01\\\/murcia-bandera-300x200.png\",\"contentUrl\":\"https:\\\/\\\/ruralsunproperties.es\\\/wp-content\\\/uploads\\\/2013\\\/01\\\/murcia-bandera-300x200.png\"},{\"@type\":\"BreadcrumbList\",\"@id\":\"https:\\\/\\\/ruralsunproperties.es\\\/en\\\/costa-calida\\\/#breadcrumb\",\"itemListElement\":[{\"@type\":\"ListItem\",\"position\":1,\"name\":\"Portada\",\"item\":\"https:\\\/\\\/ruralsunproperties.es\\\/en\\\/eshome-pageenhome-pagefrproperty-slider\\\/\"},{\"@type\":\"ListItem\",\"position\":2,\"name\":\"Costa C\u00e1lida\"}]},{\"@type\":\"WebSite\",\"@id\":\"https:\\\/\\\/ruralsunproperties.es\\\/#website\",\"url\":\"https:\\\/\\\/ruralsunproperties.es\\\/\",\"name\":\"RuralSol\",\"description\":\"Casas Rurales en el sur de Espa\u00f1a. Real estate agency specializing in the selection of properties with unique characteristics\",\"publisher\":{\"@id\":\"https:\\\/\\\/ruralsunproperties.es\\\/#organization\"},\"potentialAction\":[{\"@type\":\"SearchAction\",\"target\":{\"@type\":\"EntryPoint\",\"urlTemplate\":\"https:\\\/\\\/ruralsunproperties.es\\\/?s={search_term_string}\"},\"query-input\":{\"@type\":\"PropertyValueSpecification\",\"valueRequired\":true,\"valueName\":\"search_term_string\"}}],\"inLanguage\":\"en-US\"},{\"@type\":\"Organization\",\"@id\":\"https:\\\/\\\/ruralsunproperties.es\\\/#organization\",\"name\":\"RuralSunProperties\",\"url\":\"https:\\\/\\\/ruralsunproperties.es\\\/\",\"logo\":{\"@type\":\"ImageObject\",\"inLanguage\":\"en-US\",\"@id\":\"https:\\\/\\\/ruralsunproperties.es\\\/#\\\/schema\\\/logo\\\/image\\\/\",\"url\":\"https:\\\/\\\/ruralsunproperties.es\\\/wp-content\\\/uploads\\\/logo-ruralsunproperties_en.png\",\"contentUrl\":\"https:\\\/\\\/ruralsunproperties.es\\\/wp-content\\\/uploads\\\/logo-ruralsunproperties_en.png\",\"width\":295,\"height\":100,\"caption\":\"RuralSunProperties\"},\"image\":{\"@id\":\"https:\\\/\\\/ruralsunproperties.es\\\/#\\\/schema\\\/logo\\\/image\\\/\"}}]}<\/script>\n<!-- \/ Yoast SEO plugin. -->","yoast_head_json":{"title":"Costa C\u00e1lida - RuralSunProperties","robots":{"index":"index","follow":"follow","max-snippet":"max-snippet:-1","max-image-preview":"max-image-preview:large","max-video-preview":"max-video-preview:-1"},"canonical":"https:\/\/ruralsunproperties.es\/en\/costa-calida\/","og_locale":"en_US","og_type":"article","og_title":"Costa C\u00e1lida - RuralSunProperties","og_description":"Costa C\u00e1lida es el nombre tur\u00edstico de los aproximadamente 250 km de costa mediterr\u00e1nea de la Regi\u00f3n de Murcia, Espa\u00f1a. Esta regi\u00f3n tiene un microclima que se caracteriza por una temperatura media anual elevada y un grado relativo de aridez, con precipitaciones medias inferiores a 340 mm. La Costa C\u00e1lida se extiende desde El Moj\u00f3nRead more","og_url":"https:\/\/ruralsunproperties.es\/en\/costa-calida\/","og_site_name":"RuralSunProperties","article_modified_time":"2013-01-15T12:38:11+00:00","twitter_card":"summary_large_image","twitter_misc":{"Est. reading time":"1 minute"},"schema":{"@context":"https:\/\/schema.org","@graph":[{"@type":"WebPage","@id":"https:\/\/ruralsunproperties.es\/en\/costa-calida\/","url":"https:\/\/ruralsunproperties.es\/en\/costa-calida\/","name":"Costa C\u00e1lida - RuralSunProperties","isPartOf":{"@id":"https:\/\/ruralsunproperties.es\/#website"},"primaryImageOfPage":{"@id":"https:\/\/ruralsunproperties.es\/en\/costa-calida\/#primaryimage"},"image":{"@id":"https:\/\/ruralsunproperties.es\/en\/costa-calida\/#primaryimage"},"thumbnailUrl":"https:\/\/ruralsunproperties.es\/wp-content\/uploads\/2013\/01\/murcia-bandera-300x200.png","datePublished":"2013-01-15T11:38:11+00:00","dateModified":"2013-01-15T12:38:11+00:00","breadcrumb":{"@id":"https:\/\/ruralsunproperties.es\/en\/costa-calida\/#breadcrumb"},"inLanguage":"en-US","potentialAction":[{"@type":"ReadAction","target":["https:\/\/ruralsunproperties.es\/en\/costa-calida\/"]}]},{"@type":"ImageObject","inLanguage":"en-US","@id":"https:\/\/ruralsunproperties.es\/en\/costa-calida\/#primaryimage","url":"https:\/\/ruralsunproperties.es\/wp-content\/uploads\/2013\/01\/murcia-bandera-300x200.png","contentUrl":"https:\/\/ruralsunproperties.es\/wp-content\/uploads\/2013\/01\/murcia-bandera-300x200.png"},{"@type":"BreadcrumbList","@id":"https:\/\/ruralsunproperties.es\/en\/costa-calida\/#breadcrumb","itemListElement":[{"@type":"ListItem","position":1,"name":"Portada","item":"https:\/\/ruralsunproperties.es\/en\/eshome-pageenhome-pagefrproperty-slider\/"},{"@type":"ListItem","position":2,"name":"Costa C\u00e1lida"}]},{"@type":"WebSite","@id":"https:\/\/ruralsunproperties.es\/#website","url":"https:\/\/ruralsunproperties.es\/","name":"RuralSol","description":"Casas Rurales en el sur de Espa\u00f1a. Real estate agency specializing in the selection of properties with unique characteristics","publisher":{"@id":"https:\/\/ruralsunproperties.es\/#organization"},"potentialAction":[{"@type":"SearchAction","target":{"@type":"EntryPoint","urlTemplate":"https:\/\/ruralsunproperties.es\/?s={search_term_string}"},"query-input":{"@type":"PropertyValueSpecification","valueRequired":true,"valueName":"search_term_string"}}],"inLanguage":"en-US"},{"@type":"Organization","@id":"https:\/\/ruralsunproperties.es\/#organization","name":"RuralSunProperties","url":"https:\/\/ruralsunproperties.es\/","logo":{"@type":"ImageObject","inLanguage":"en-US","@id":"https:\/\/ruralsunproperties.es\/#\/schema\/logo\/image\/","url":"https:\/\/ruralsunproperties.es\/wp-content\/uploads\/logo-ruralsunproperties_en.png","contentUrl":"https:\/\/ruralsunproperties.es\/wp-content\/uploads\/logo-ruralsunproperties_en.png","width":295,"height":100,"caption":"RuralSunProperties"},"image":{"@id":"https:\/\/ruralsunproperties.es\/#\/schema\/logo\/image\/"}}]}},"_links":{"self":[{"href":"https:\/\/ruralsunproperties.es\/en\/wp-json\/wp\/v2\/pages\/20188","targetHints":{"allow":["GET"]}}],"collection":[{"href":"https:\/\/ruralsunproperties.es\/en\/wp-json\/wp\/v2\/pages"}],"about":[{"href":"https:\/\/ruralsunproperties.es\/en\/wp-json\/wp\/v2\/types\/page"}],"author":[{"embeddable":true,"href":"https:\/\/ruralsunproperties.es\/en\/wp-json\/wp\/v2\/users\/1"}],"replies":[{"embeddable":true,"href":"https:\/\/ruralsunproperties.es\/en\/wp-json\/wp\/v2\/comments?post=20188"}],"version-history":[{"count":0,"href":"https:\/\/ruralsunproperties.es\/en\/wp-json\/wp\/v2\/pages\/20188\/revisions"}],"wp:attachment":[{"href":"https:\/\/ruralsunproperties.es\/en\/wp-json\/wp\/v2\/media?parent=20188"}],"curies":[{"name":"wp","href":"https:\/\/api.w.org\/{rel}","templated":true}]}}