{"id":20192,"date":"2013-01-23T10:38:11","date_gmt":"2013-01-23T09:38:11","guid":{"rendered":"https:\/\/ruralsunproperties.es\/alicante\/"},"modified":"2013-01-23T10:38:11","modified_gmt":"2013-01-23T10:38:11","slug":"alicante","status":"publish","type":"page","link":"https:\/\/ruralsunproperties.es\/en\/alicante\/","title":{"rendered":"Alicante"},"content":{"rendered":"<p><a href=\"https:\/\/ruralsunproperties.es\/wp-content\/uploads\/2013\/01\/750px-Alicante_provincia_svg.png\" class=\"fancybox\" rel=\"gallery\"><img loading=\"lazy\" decoding=\"async\" src=\"https:\/\/ruralsunproperties.es\/wp-content\/uploads\/2013\/01\/750px-Alicante_provincia_svg-300x200.png\" alt=\"Alicante\" width=\"300\" height=\"200\" class=\"aligncenter size-medium wp-image-394\"  \/><\/a><br \/>\nLa provincia de Alicante (en valenciano, Alacant) es una provincia espa\u00f1ola. Se encuentra en la costa sureste de la Pen\u00ednsula Ib\u00e9rica, y es la provincia m\u00e1s meridional y menos extensa de la Comunidad Valenciana (25,01% de su territorio). No obstante, es la cuarta provincia m\u00e1s poblada del pa\u00eds, con 1.934.127 habitantes en el 2011 y la m\u00e1s densamente poblada de la Comunidad Valenciana. Su capital es la ciudad de Alicante y cuenta con 26 municipios de m\u00e1s de 20.000 habitantes, siendo de las provincias con mayor grado de urbanizaci\u00f3n.<br \/>\nLa provincia de Alicante limita al oeste con las provincias de Murcia y Albacete, al norte con Valencia y al este con el mar Mediterr\u00e1neo.<br \/>\nM\u00e1s informaci\u00f3n  <a target=\"_blank\" href=\"http:\/\/www.alicanteturistica.com\" rel=\"noopener noreferrer\">http:\/\/www.alicanteturistica.com<\/a><br \/>\n<br \/>\n<figure id=\"attachment_473\" aria-describedby=\"caption-attachment-473\" style=\"width: 295px\" class=\"wp-caption alignleft\"><a href=\"https:\/\/ruralsunproperties.es\/wp-content\/uploads\/2013\/01\/mapa1.png\" class=\"fancybox\" rel=\"gallery\"><img loading=\"lazy\" decoding=\"async\" src=\"https:\/\/ruralsunproperties.es\/wp-content\/uploads\/2013\/01\/mapa11.png\" alt=\"Alicante\" width=\"295\" height=\"240\" class=\"size-full wp-image-473\" \/><\/a><figcaption id=\"caption-attachment-473\" class=\"wp-caption-text\">Alicante<\/figcaption><\/figure><figure id=\"attachment_474\" aria-describedby=\"caption-attachment-474\" style=\"width: 300px\" class=\"wp-caption alignright\"><a href=\"https:\/\/ruralsunproperties.es\/wp-content\/uploads\/2013\/01\/MAPA1.png\" class=\"fancybox\" rel=\"gallery\"><img loading=\"lazy\" decoding=\"async\" src=\"https:\/\/ruralsunproperties.es\/wp-content\/uploads\/2013\/01\/MAPA2.png\" alt=\"Mar Mediterraneo\" width=\"300\" height=\"240\" class=\"size-full wp-image-474\" \/> <\/a><figcaption id=\"caption-attachment-474\" class=\"wp-caption-text\">Mar Mediterraneo<\/figcaption><\/figure><\/p>\n<p style=\"clear:both\">\n\n","protected":false},"excerpt":{"rendered":"<p>La provincia de Alicante (en valenciano, Alacant) es una provincia espa\u00f1ola. Se encuentra en la costa sureste de la Pen\u00ednsula Ib\u00e9rica, y es la provincia m\u00e1s meridional y menos extensa de la Comunidad Valenciana (25,01% de su territorio). No obstante, es la cuarta provincia m\u00e1s poblada del pa\u00eds, con 1.934.127 habitantes en el 2011 y<a class=\"post-read-more\" href=\"https:\/\/ruralsunproperties.es\/en\/alicante\/\">Read more<\/a><\/p>\n","protected":false},"author":1,"featured_media":0,"parent":0,"menu_order":0,"comment_status":"open","ping_status":"open","template":"","meta":{"footnotes":""},"class_list":["post-20192","page","type-page","status-publish","hentry"],"yoast_head":"<!-- This site is optimized with the Yoast SEO plugin v27.3 - https:\/\/yoast.com\/product\/yoast-seo-wordpress\/ -->\n<title>Alicante - RuralSunProperties<\/title>\n<meta name=\"robots\" content=\"index, follow, max-snippet:-1, max-image-preview:large, max-video-preview:-1\" \/>\n<link rel=\"canonical\" href=\"https:\/\/ruralsunproperties.es\/en\/alicante\/\" \/>\n<meta property=\"og:locale\" content=\"en_US\" \/>\n<meta property=\"og:type\" content=\"article\" \/>\n<meta property=\"og:title\" content=\"Alicante - RuralSunProperties\" \/>\n<meta property=\"og:description\" content=\"La provincia de Alicante (en valenciano, Alacant) es una provincia espa\u00f1ola. Se encuentra en la costa sureste de la Pen\u00ednsula Ib\u00e9rica, y es la provincia m\u00e1s meridional y menos extensa de la Comunidad Valenciana (25,01% de su territorio). No obstante, es la cuarta provincia m\u00e1s poblada del pa\u00eds, con 1.934.127 habitantes en el 2011 yRead more\" \/>\n<meta property=\"og:url\" content=\"https:\/\/ruralsunproperties.es\/en\/alicante\/\" \/>\n<meta property=\"og:site_name\" content=\"RuralSunProperties\" \/>\n<meta property=\"article:modified_time\" content=\"2013-01-23T10:38:11+00:00\" \/>\n<meta name=\"twitter:card\" content=\"summary_large_image\" \/>\n<meta name=\"twitter:label1\" content=\"Est. reading time\" \/>\n\t<meta name=\"twitter:data1\" content=\"1 minute\" \/>\n<script type=\"application\/ld+json\" class=\"yoast-schema-graph\">{\"@context\":\"https:\\\/\\\/schema.org\",\"@graph\":[{\"@type\":\"WebPage\",\"@id\":\"https:\\\/\\\/ruralsunproperties.es\\\/en\\\/alicante\\\/\",\"url\":\"https:\\\/\\\/ruralsunproperties.es\\\/en\\\/alicante\\\/\",\"name\":\"Alicante - RuralSunProperties\",\"isPartOf\":{\"@id\":\"https:\\\/\\\/ruralsunproperties.es\\\/#website\"},\"primaryImageOfPage\":{\"@id\":\"https:\\\/\\\/ruralsunproperties.es\\\/en\\\/alicante\\\/#primaryimage\"},\"image\":{\"@id\":\"https:\\\/\\\/ruralsunproperties.es\\\/en\\\/alicante\\\/#primaryimage\"},\"thumbnailUrl\":\"https:\\\/\\\/ruralsunproperties.es\\\/wp-content\\\/uploads\\\/2013\\\/01\\\/750px-Alicante_provincia_svg-300x200.png\",\"datePublished\":\"2013-01-23T09:38:11+00:00\",\"dateModified\":\"2013-01-23T10:38:11+00:00\",\"breadcrumb\":{\"@id\":\"https:\\\/\\\/ruralsunproperties.es\\\/en\\\/alicante\\\/#breadcrumb\"},\"inLanguage\":\"en-US\",\"potentialAction\":[{\"@type\":\"ReadAction\",\"target\":[\"https:\\\/\\\/ruralsunproperties.es\\\/en\\\/alicante\\\/\"]}]},{\"@type\":\"ImageObject\",\"inLanguage\":\"en-US\",\"@id\":\"https:\\\/\\\/ruralsunproperties.es\\\/en\\\/alicante\\\/#primaryimage\",\"url\":\"https:\\\/\\\/ruralsunproperties.es\\\/wp-content\\\/uploads\\\/2013\\\/01\\\/750px-Alicante_provincia_svg-300x200.png\",\"contentUrl\":\"https:\\\/\\\/ruralsunproperties.es\\\/wp-content\\\/uploads\\\/2013\\\/01\\\/750px-Alicante_provincia_svg-300x200.png\"},{\"@type\":\"BreadcrumbList\",\"@id\":\"https:\\\/\\\/ruralsunproperties.es\\\/en\\\/alicante\\\/#breadcrumb\",\"itemListElement\":[{\"@type\":\"ListItem\",\"position\":1,\"name\":\"Portada\",\"item\":\"https:\\\/\\\/ruralsunproperties.es\\\/en\\\/eshome-pageenhome-pagefrproperty-slider\\\/\"},{\"@type\":\"ListItem\",\"position\":2,\"name\":\"Alicante\"}]},{\"@type\":\"WebSite\",\"@id\":\"https:\\\/\\\/ruralsunproperties.es\\\/#website\",\"url\":\"https:\\\/\\\/ruralsunproperties.es\\\/\",\"name\":\"RuralSol\",\"description\":\"Casas Rurales en el sur de Espa\u00f1a. Real estate agency specializing in the selection of properties with unique characteristics\",\"publisher\":{\"@id\":\"https:\\\/\\\/ruralsunproperties.es\\\/#organization\"},\"potentialAction\":[{\"@type\":\"SearchAction\",\"target\":{\"@type\":\"EntryPoint\",\"urlTemplate\":\"https:\\\/\\\/ruralsunproperties.es\\\/?s={search_term_string}\"},\"query-input\":{\"@type\":\"PropertyValueSpecification\",\"valueRequired\":true,\"valueName\":\"search_term_string\"}}],\"inLanguage\":\"en-US\"},{\"@type\":\"Organization\",\"@id\":\"https:\\\/\\\/ruralsunproperties.es\\\/#organization\",\"name\":\"RuralSunProperties\",\"url\":\"https:\\\/\\\/ruralsunproperties.es\\\/\",\"logo\":{\"@type\":\"ImageObject\",\"inLanguage\":\"en-US\",\"@id\":\"https:\\\/\\\/ruralsunproperties.es\\\/#\\\/schema\\\/logo\\\/image\\\/\",\"url\":\"https:\\\/\\\/ruralsunproperties.es\\\/wp-content\\\/uploads\\\/logo-ruralsunproperties_en.png\",\"contentUrl\":\"https:\\\/\\\/ruralsunproperties.es\\\/wp-content\\\/uploads\\\/logo-ruralsunproperties_en.png\",\"width\":295,\"height\":100,\"caption\":\"RuralSunProperties\"},\"image\":{\"@id\":\"https:\\\/\\\/ruralsunproperties.es\\\/#\\\/schema\\\/logo\\\/image\\\/\"}}]}<\/script>\n<!-- \/ Yoast SEO plugin. -->","yoast_head_json":{"title":"Alicante - RuralSunProperties","robots":{"index":"index","follow":"follow","max-snippet":"max-snippet:-1","max-image-preview":"max-image-preview:large","max-video-preview":"max-video-preview:-1"},"canonical":"https:\/\/ruralsunproperties.es\/en\/alicante\/","og_locale":"en_US","og_type":"article","og_title":"Alicante - RuralSunProperties","og_description":"La provincia de Alicante (en valenciano, Alacant) es una provincia espa\u00f1ola. Se encuentra en la costa sureste de la Pen\u00ednsula Ib\u00e9rica, y es la provincia m\u00e1s meridional y menos extensa de la Comunidad Valenciana (25,01% de su territorio). No obstante, es la cuarta provincia m\u00e1s poblada del pa\u00eds, con 1.934.127 habitantes en el 2011 yRead more","og_url":"https:\/\/ruralsunproperties.es\/en\/alicante\/","og_site_name":"RuralSunProperties","article_modified_time":"2013-01-23T10:38:11+00:00","twitter_card":"summary_large_image","twitter_misc":{"Est. reading time":"1 minute"},"schema":{"@context":"https:\/\/schema.org","@graph":[{"@type":"WebPage","@id":"https:\/\/ruralsunproperties.es\/en\/alicante\/","url":"https:\/\/ruralsunproperties.es\/en\/alicante\/","name":"Alicante - RuralSunProperties","isPartOf":{"@id":"https:\/\/ruralsunproperties.es\/#website"},"primaryImageOfPage":{"@id":"https:\/\/ruralsunproperties.es\/en\/alicante\/#primaryimage"},"image":{"@id":"https:\/\/ruralsunproperties.es\/en\/alicante\/#primaryimage"},"thumbnailUrl":"https:\/\/ruralsunproperties.es\/wp-content\/uploads\/2013\/01\/750px-Alicante_provincia_svg-300x200.png","datePublished":"2013-01-23T09:38:11+00:00","dateModified":"2013-01-23T10:38:11+00:00","breadcrumb":{"@id":"https:\/\/ruralsunproperties.es\/en\/alicante\/#breadcrumb"},"inLanguage":"en-US","potentialAction":[{"@type":"ReadAction","target":["https:\/\/ruralsunproperties.es\/en\/alicante\/"]}]},{"@type":"ImageObject","inLanguage":"en-US","@id":"https:\/\/ruralsunproperties.es\/en\/alicante\/#primaryimage","url":"https:\/\/ruralsunproperties.es\/wp-content\/uploads\/2013\/01\/750px-Alicante_provincia_svg-300x200.png","contentUrl":"https:\/\/ruralsunproperties.es\/wp-content\/uploads\/2013\/01\/750px-Alicante_provincia_svg-300x200.png"},{"@type":"BreadcrumbList","@id":"https:\/\/ruralsunproperties.es\/en\/alicante\/#breadcrumb","itemListElement":[{"@type":"ListItem","position":1,"name":"Portada","item":"https:\/\/ruralsunproperties.es\/en\/eshome-pageenhome-pagefrproperty-slider\/"},{"@type":"ListItem","position":2,"name":"Alicante"}]},{"@type":"WebSite","@id":"https:\/\/ruralsunproperties.es\/#website","url":"https:\/\/ruralsunproperties.es\/","name":"RuralSol","description":"Casas Rurales en el sur de Espa\u00f1a. Real estate agency specializing in the selection of properties with unique characteristics","publisher":{"@id":"https:\/\/ruralsunproperties.es\/#organization"},"potentialAction":[{"@type":"SearchAction","target":{"@type":"EntryPoint","urlTemplate":"https:\/\/ruralsunproperties.es\/?s={search_term_string}"},"query-input":{"@type":"PropertyValueSpecification","valueRequired":true,"valueName":"search_term_string"}}],"inLanguage":"en-US"},{"@type":"Organization","@id":"https:\/\/ruralsunproperties.es\/#organization","name":"RuralSunProperties","url":"https:\/\/ruralsunproperties.es\/","logo":{"@type":"ImageObject","inLanguage":"en-US","@id":"https:\/\/ruralsunproperties.es\/#\/schema\/logo\/image\/","url":"https:\/\/ruralsunproperties.es\/wp-content\/uploads\/logo-ruralsunproperties_en.png","contentUrl":"https:\/\/ruralsunproperties.es\/wp-content\/uploads\/logo-ruralsunproperties_en.png","width":295,"height":100,"caption":"RuralSunProperties"},"image":{"@id":"https:\/\/ruralsunproperties.es\/#\/schema\/logo\/image\/"}}]}},"_links":{"self":[{"href":"https:\/\/ruralsunproperties.es\/en\/wp-json\/wp\/v2\/pages\/20192","targetHints":{"allow":["GET"]}}],"collection":[{"href":"https:\/\/ruralsunproperties.es\/en\/wp-json\/wp\/v2\/pages"}],"about":[{"href":"https:\/\/ruralsunproperties.es\/en\/wp-json\/wp\/v2\/types\/page"}],"author":[{"embeddable":true,"href":"https:\/\/ruralsunproperties.es\/en\/wp-json\/wp\/v2\/users\/1"}],"replies":[{"embeddable":true,"href":"https:\/\/ruralsunproperties.es\/en\/wp-json\/wp\/v2\/comments?post=20192"}],"version-history":[{"count":0,"href":"https:\/\/ruralsunproperties.es\/en\/wp-json\/wp\/v2\/pages\/20192\/revisions"}],"wp:attachment":[{"href":"https:\/\/ruralsunproperties.es\/en\/wp-json\/wp\/v2\/media?parent=20192"}],"curies":[{"name":"wp","href":"https:\/\/api.w.org\/{rel}","templated":true}]}}